{"id":126,"date":"2015-12-11T10:47:03","date_gmt":"2015-12-11T09:47:03","guid":{"rendered":"http:\/\/www.darcherazade.com\/?page_id=126"},"modified":"2016-03-23T13:03:57","modified_gmt":"2016-03-23T12:03:57","slug":"restauration","status":"publish","type":"page","link":"https:\/\/darcherazade.com\/fr_fr\/restauration\/","title":{"rendered":"RESTAURATION"},"content":{"rendered":"<p>&nbsp;<\/p>\n<h2 style=\"text-align: center; padding-left: 90px;\">A Dar Cherazade,nous portons une attention particuli\u00e8re \u00e0 la bonne cuisine. \"Sadia\" fera de son mieux pour vous traiter avec une cuisine marocaine traditionnelle et l\u00e9g\u00e8re, fra\u00eechement pr\u00e9par\u00e9e avec des produits biologiques, selon la saison au march\u00e9 quotidien. Sa d\u00e9licieuse cuisin,sera ses recettes tr\u00e8s personnelles combin\u00e9es avec quelques classiques de la tradition culinaire Marocaine et m\u00e9diterran\u00e9enne.<\/h2>\n<h4 style=\"text-align: center;\"><img data-recalc-dims=\"1\" loading=\"lazy\" decoding=\"async\" class=\"alignnone size-full wp-image-127\" src=\"https:\/\/i0.wp.com\/www.darcherazade.com\/wp-content\/uploads\/2015\/12\/restau.jpg?resize=285%2C177\" alt=\"restau\" width=\"285\" height=\"177\" \/><\/h4>\n<h4 style=\"text-align: center;\">DEMI-PENSION : \u00a0D\u00e9jeuner \/ d\u00eener \u00a0<strong class=\"price\">12.00\u20ac \/ pers<\/strong><\/h4>\n<h4 style=\"text-align: center;\"><\/h4>\n<h4 style=\"text-align: center;\"><img data-recalc-dims=\"1\" decoding=\"async\" class=\"aligncenter\" src=\"https:\/\/i0.wp.com\/www.riad-ayel.com\/images\/temp\/tab_image_3.jpg?w=860\" alt=\"\" \/><\/h4>\n<h4 style=\"text-align: center;\">PETIT D\u00c9JEUNER: \u00a0Inclus:<strong class=\"price\">0.00\u20ac<\/strong><\/h4>\n<p><a href=\"http:\/\/www.riad-ayel.com\/index.php#\"><br \/>\n<\/a><\/p>\n<p>&nbsp;<\/p>\n<p>&nbsp;<\/p>\n<p>&nbsp;<\/p>\n<div class=\"info_text\"><\/div>\n","protected":false},"excerpt":{"rendered":"<p>&nbsp; A Dar Cherazade,nous portons une attention particuli\u00e8re \u00e0 la bonne cuisine. \"Sadia\" fera de son mieux pour vous traiter avec une cuisine marocaine traditionnelle et l\u00e9g\u00e8re, fra\u00eechement pr\u00e9par\u00e9e avec des produits biologiques, selon la saison au march\u00e9 quotidien. Sa <a class=\"more-link\" href=\"https:\/\/darcherazade.com\/fr_fr\/restauration\/\">Lire plus\u00a0\u2026<\/a><\/p>\n","protected":false},"author":1,"featured_media":0,"parent":0,"menu_order":0,"comment_status":"closed","ping_status":"closed","template":"","meta":{"jetpack_post_was_ever_published":false,"footnotes":""},"class_list":["post-126","page","type-page","status-publish","hentry"],"aioseo_notices":[],"jetpack_sharing_enabled":true,"jetpack-related-posts":[],"_links":{"self":[{"href":"https:\/\/darcherazade.com\/fr_fr\/wp-json\/wp\/v2\/pages\/126"}],"collection":[{"href":"https:\/\/darcherazade.com\/fr_fr\/wp-json\/wp\/v2\/pages"}],"about":[{"href":"https:\/\/darcherazade.com\/fr_fr\/wp-json\/wp\/v2\/types\/page"}],"author":[{"embeddable":true,"href":"https:\/\/darcherazade.com\/fr_fr\/wp-json\/wp\/v2\/users\/1"}],"replies":[{"embeddable":true,"href":"https:\/\/darcherazade.com\/fr_fr\/wp-json\/wp\/v2\/comments?post=126"}],"version-history":[{"count":7,"href":"https:\/\/darcherazade.com\/fr_fr\/wp-json\/wp\/v2\/pages\/126\/revisions"}],"predecessor-version":[{"id":454,"href":"https:\/\/darcherazade.com\/fr_fr\/wp-json\/wp\/v2\/pages\/126\/revisions\/454"}],"wp:attachment":[{"href":"https:\/\/darcherazade.com\/fr_fr\/wp-json\/wp\/v2\/media?parent=126"}],"curies":[{"name":"wp","href":"https:\/\/api.w.org\/{rel}","templated":true}]}}