{"id":933,"date":"2021-01-25T08:53:29","date_gmt":"2021-01-25T07:53:29","guid":{"rendered":"http:\/\/darcherazade.com\/?page_id=933"},"modified":"2023-03-04T10:13:22","modified_gmt":"2023-03-04T09:13:22","slug":"chambres-essaye","status":"publish","type":"page","link":"http:\/\/darcherazade.com\/fr_fr\/chambres-essaye\/","title":{"rendered":"NOS CHAMBRES"},"content":{"rendered":"\n<p class=\"has-black-color has-text-color\">Tout est pr\u00e9vu pour recevoir id\u00e9alement une famille en qu\u00eate de confort, calme et d\u00e9coration raffin\u00e9e.<\/p>\n\n\n\n<p class=\"has-black-color has-text-color\">Dans le DAR : une suite familiale avec terrasse priv\u00e9e vue sur mer, trois chambres confort, une chambre standard.<\/p>\n\n\n\n<p class=\"has-black-color has-text-color\">Dans le RIAD : une mini suite de luxe avec vue sur mer, une chambre double confort , une chambre triple standard , une chambre triple sup\u00e9rieure.<\/p>\n\n\n\n<div class=\"wp-block-group\"><div class=\"wp-block-group__inner-container is-layout-flow wp-block-group-is-layout-flow\">\n<div class=\"wp-block-columns is-layout-flex wp-container-core-columns-is-layout-1 wp-block-columns-is-layout-flex\">\n<div class=\"wp-block-column is-layout-flow wp-block-column-is-layout-flow\">\n<div class=\"wp-block-algori-image-video-slider-block-algori-image-video-slider dots-style-1-off-slide arrows-style-1-off-slide\" data-slick=\"{&quot;dots&quot;:true,&quot;arrows&quot;:true,&quot;autoplay&quot;:false,&quot;pauseOnFocus&quot;:false,&quot;rtl&quot;:false,&quot;vertical&quot;:false,&quot;fade&quot;:false,&quot;lazyLoad&quot;:false,&quot;centerMode&quot;:false,&quot;infinite&quot;:true,&quot;adaptiveHeight&quot;:true,&quot;speed&quot;:500,&quot;autoplaySpeed&quot;:3000,&quot;slidesToShow&quot;:1,&quot;slidesToScroll&quot;:1,&quot;rows&quot;:1,&quot;slidesPerRow&quot;:1}\"><div><figure class=\"algori-image-video-slider-slide-container\"><img data-recalc-dims=\"1\" decoding=\"async\" src=\"https:\/\/i0.wp.com\/darcherazade.com\/wp-content\/uploads\/2021\/12\/DSC_3220.jpg?w=860&#038;ssl=1\" alt=\"\"\/><\/figure><\/div><div><figure class=\"algori-image-video-slider-slide-container\"><img data-recalc-dims=\"1\" decoding=\"async\" src=\"https:\/\/i0.wp.com\/darcherazade.com\/wp-content\/uploads\/2021\/12\/DSC_3243.jpg?w=860&#038;ssl=1\" alt=\"\"\/><\/figure><\/div><div><figure class=\"algori-image-video-slider-slide-container\"><img data-recalc-dims=\"1\" decoding=\"async\" src=\"https:\/\/i0.wp.com\/darcherazade.com\/wp-content\/uploads\/2021\/12\/DSC_3557.jpg?w=860&#038;ssl=1\" alt=\"\"\/><\/figure><\/div><div><figure class=\"algori-image-video-slider-slide-container\"><img data-recalc-dims=\"1\" decoding=\"async\" src=\"https:\/\/i0.wp.com\/darcherazade.com\/wp-content\/uploads\/2021\/12\/DSC_3219.jpg?w=860&#038;ssl=1\" alt=\"\"\/><\/figure><\/div><div><figure class=\"algori-image-video-slider-slide-container\"><img data-recalc-dims=\"1\" decoding=\"async\" src=\"https:\/\/i0.wp.com\/darcherazade.com\/wp-content\/uploads\/2021\/12\/DSC_3231.jpg?w=860&#038;ssl=1\" alt=\"\"\/><\/figure><\/div><div><figure class=\"algori-image-video-slider-slide-container\"><img data-recalc-dims=\"1\" decoding=\"async\" src=\"https:\/\/i0.wp.com\/darcherazade.com\/wp-content\/uploads\/2021\/12\/DSC_3236.jpg?w=860&#038;ssl=1\" alt=\"\"\/><\/figure><\/div><div><figure class=\"algori-image-video-slider-slide-container\"><img data-recalc-dims=\"1\" decoding=\"async\" src=\"https:\/\/i0.wp.com\/darcherazade.com\/wp-content\/uploads\/2021\/12\/DSC_3250.jpg?w=860&#038;ssl=1\" alt=\"\"\/><\/figure><\/div><div><figure class=\"algori-image-video-slider-slide-container\"><img data-recalc-dims=\"1\" decoding=\"async\" src=\"https:\/\/i0.wp.com\/darcherazade.com\/wp-content\/uploads\/2021\/12\/DSC_3253.jpg?w=860&#038;ssl=1\" alt=\"\"\/><\/figure><\/div><div><figure class=\"algori-image-video-slider-slide-container\"><img data-recalc-dims=\"1\" decoding=\"async\" src=\"https:\/\/i0.wp.com\/darcherazade.com\/wp-content\/uploads\/2021\/12\/DSC_3256.jpg?w=860&#038;ssl=1\" alt=\"\"\/><\/figure><\/div><div><figure class=\"algori-image-video-slider-slide-container\"><img data-recalc-dims=\"1\" decoding=\"async\" src=\"https:\/\/i0.wp.com\/darcherazade.com\/wp-content\/uploads\/2021\/12\/DSC_3547.jpg?w=860&#038;ssl=1\" alt=\"\"\/><\/figure><\/div><div><figure class=\"algori-image-video-slider-slide-container\"><img data-recalc-dims=\"1\" decoding=\"async\" src=\"https:\/\/i0.wp.com\/darcherazade.com\/wp-content\/uploads\/2021\/12\/DSC_3547-2.jpg?w=860&#038;ssl=1\" alt=\"\"\/><\/figure><\/div><\/div>\n<\/div>\n\n\n\n<div class=\"wp-block-column is-layout-flow wp-block-column-is-layout-flow\">\n<h4 class=\"has-black-color has-text-color wp-block-heading\">SUITE CHERAZADE<\/h4>\n\n\n\n<p class=\"has-black-color has-text-color\">Confort, espace et intimit\u00e9 Chambre d\u2019exception pour une famille qui recherche espace, confort et intimit\u00e9 Cette grande suite familiale de 55 M2 dispose d\u2019un lit double en 160, deux lits simples en 90, coin bureau, armoire, porte bagages, salle de bain en open space avec grande baignoire, vasques porcelaine, grand miroir, s\u00e8che cheveux, un salon confortable, wifi gratuit, une terrasse priv\u00e9e avec vue sur la mer.<\/p>\n<\/div>\n<\/div>\n<\/div><\/div>\n\n\n\n<div class=\"wp-block-columns is-layout-flex wp-container-core-columns-is-layout-2 wp-block-columns-is-layout-flex\">\n<div class=\"wp-block-column is-layout-flow wp-block-column-is-layout-flow\">\n<div class=\"wp-block-algori-image-video-slider-block-algori-image-video-slider dots-style-1-off-slide arrows-style-1-off-slide\" data-slick=\"{&quot;dots&quot;:true,&quot;arrows&quot;:true,&quot;autoplay&quot;:false,&quot;pauseOnFocus&quot;:false,&quot;rtl&quot;:false,&quot;vertical&quot;:false,&quot;fade&quot;:false,&quot;lazyLoad&quot;:false,&quot;centerMode&quot;:false,&quot;infinite&quot;:true,&quot;adaptiveHeight&quot;:true,&quot;speed&quot;:500,&quot;autoplaySpeed&quot;:3000,&quot;slidesToShow&quot;:1,&quot;slidesToScroll&quot;:1,&quot;rows&quot;:1,&quot;slidesPerRow&quot;:1}\"><div><figure class=\"algori-image-video-slider-slide-container\"><img data-recalc-dims=\"1\" decoding=\"async\" src=\"https:\/\/i0.wp.com\/darcherazade.com\/wp-content\/uploads\/2021\/12\/DSC_3297.jpg?w=860&#038;ssl=1\" alt=\"\"\/><\/figure><\/div><div><figure class=\"algori-image-video-slider-slide-container\"><img data-recalc-dims=\"1\" decoding=\"async\" src=\"https:\/\/i0.wp.com\/darcherazade.com\/wp-content\/uploads\/2021\/12\/DSC_3283.jpg?w=860&#038;ssl=1\" alt=\"\"\/><\/figure><\/div><div><figure class=\"algori-image-video-slider-slide-container\"><img data-recalc-dims=\"1\" decoding=\"async\" src=\"https:\/\/i0.wp.com\/darcherazade.com\/wp-content\/uploads\/2022\/03\/328638916.jpg?w=860&#038;ssl=1\" alt=\"\"\/><\/figure><\/div><div><figure class=\"algori-image-video-slider-slide-container\"><img data-recalc-dims=\"1\" decoding=\"async\" src=\"https:\/\/i0.wp.com\/darcherazade.com\/wp-content\/uploads\/2021\/12\/DSC_2916.jpg?w=860&#038;ssl=1\" alt=\"\"\/><\/figure><\/div><\/div>\n<\/div>\n\n\n\n<div class=\"wp-block-column has-black-color has-text-color is-layout-flow wp-block-column-is-layout-flow\">\n<p class=\"has-black-color has-text-color has-large-font-size\"><mark style=\"background-color:rgba(0, 0, 0, 0)\" class=\"has-inline-color has-black-color\">Mini suite vue mer<\/mark><\/p>\n\n\n\n<p class=\"has-black-color has-text-color\">Suite double avec vue mer une chambre a coucher  et un salon donnant sur la mer porte bagage, salle d\u2019eau avec douche , vasque carrel\u00e9e , toilettes, chauffage pour l\u2019hiver cette chambre est situ\u00e9e au premier \u00e9tage du DAR avec un acc\u00e8s direct sur le patio.<\/p>\n<\/div>\n<\/div>\n\n\n\n<div class=\"wp-block-columns is-layout-flex wp-container-core-columns-is-layout-3 wp-block-columns-is-layout-flex\">\n<div class=\"wp-block-column is-layout-flow wp-block-column-is-layout-flow\">\n<div class=\"wp-block-algori-image-video-slider-block-algori-image-video-slider dots-style-1-off-slide arrows-style-1-off-slide\" data-slick=\"{&quot;dots&quot;:true,&quot;arrows&quot;:true,&quot;autoplay&quot;:false,&quot;pauseOnFocus&quot;:false,&quot;rtl&quot;:false,&quot;vertical&quot;:false,&quot;fade&quot;:false,&quot;lazyLoad&quot;:false,&quot;centerMode&quot;:false,&quot;infinite&quot;:true,&quot;adaptiveHeight&quot;:true,&quot;speed&quot;:500,&quot;autoplaySpeed&quot;:3000,&quot;slidesToShow&quot;:1,&quot;slidesToScroll&quot;:1,&quot;rows&quot;:1,&quot;slidesPerRow&quot;:1}\"><div><figure class=\"algori-image-video-slider-slide-container\"><img data-recalc-dims=\"1\" decoding=\"async\" src=\"https:\/\/i0.wp.com\/darcherazade.com\/wp-content\/uploads\/2021\/12\/DSC_2866.jpg?w=860&#038;ssl=1\" alt=\"\"\/><\/figure><\/div><div><figure class=\"algori-image-video-slider-slide-container\"><img data-recalc-dims=\"1\" decoding=\"async\" src=\"https:\/\/i0.wp.com\/darcherazade.com\/wp-content\/uploads\/2021\/12\/DSC_2885.jpg?w=860&#038;ssl=1\" alt=\"\"\/><\/figure><\/div><div><figure class=\"algori-image-video-slider-slide-container\"><img data-recalc-dims=\"1\" decoding=\"async\" src=\"https:\/\/i0.wp.com\/darcherazade.com\/wp-content\/uploads\/2021\/12\/DSC_2889.jpg?w=860&#038;ssl=1\" alt=\"\"\/><\/figure><\/div><div><figure class=\"algori-image-video-slider-slide-container\"><img data-recalc-dims=\"1\" decoding=\"async\" src=\"https:\/\/i0.wp.com\/darcherazade.com\/wp-content\/uploads\/2021\/12\/DSC_3047.jpg?w=860&#038;ssl=1\" alt=\"\"\/><\/figure><\/div><div><figure class=\"algori-image-video-slider-slide-container\"><img data-recalc-dims=\"1\" decoding=\"async\" src=\"https:\/\/i0.wp.com\/darcherazade.com\/wp-content\/uploads\/2021\/12\/DSC_3055.jpg?w=860&#038;ssl=1\" alt=\"\"\/><\/figure><\/div><div><figure class=\"algori-image-video-slider-slide-container\"><img data-recalc-dims=\"1\" decoding=\"async\" src=\"https:\/\/i0.wp.com\/darcherazade.com\/wp-content\/uploads\/2021\/12\/DSC_3034.jpg?w=860&#038;ssl=1\" alt=\"\"\/><\/figure><\/div><\/div>\n<\/div>\n\n\n\n<div class=\"wp-block-column is-layout-flow wp-block-column-is-layout-flow\">\n<h3 class=\"has-black-color has-text-color wp-block-heading\">CHAMBRE BLEU<\/h3>\n\n\n\n<p class=\"has-black-color has-text-color\">Cette chambre double sup\u00e9rieure de couleur bleue est \u00e9quip\u00e9e d\u2019un lit double 1,60 , fauteuil moresque, armoire double, porte bagage, coffre, salle d\u2019eau avec baignoire , vasque carrel\u00e9e , toilettes, chauffage pour l\u2019hiver cette chambre est situ\u00e9e au premier \u00e9tage du DAR avec un acc\u00e8s direct sur le patio<\/p>\n<\/div>\n<\/div>\n\n\n\n<div class=\"wp-block-columns is-layout-flex wp-container-core-columns-is-layout-4 wp-block-columns-is-layout-flex\">\n<div class=\"wp-block-column is-layout-flow wp-block-column-is-layout-flow\">\n<div class=\"wp-block-algori-image-video-slider-block-algori-image-video-slider dots-style-1-off-slide arrows-style-1-off-slide\" data-slick=\"{&quot;dots&quot;:true,&quot;arrows&quot;:true,&quot;autoplay&quot;:false,&quot;pauseOnFocus&quot;:false,&quot;rtl&quot;:false,&quot;vertical&quot;:false,&quot;fade&quot;:false,&quot;lazyLoad&quot;:false,&quot;centerMode&quot;:false,&quot;infinite&quot;:true,&quot;adaptiveHeight&quot;:true,&quot;speed&quot;:500,&quot;autoplaySpeed&quot;:3000,&quot;slidesToShow&quot;:1,&quot;slidesToScroll&quot;:1,&quot;rows&quot;:1,&quot;slidesPerRow&quot;:1}\"><div><figure class=\"algori-image-video-slider-slide-container\"><img data-recalc-dims=\"1\" decoding=\"async\" src=\"https:\/\/i0.wp.com\/darcherazade.com\/wp-content\/uploads\/2021\/12\/DSC_2818.jpg?w=860&#038;ssl=1\" alt=\"\"\/><\/figure><\/div><div><figure class=\"algori-image-video-slider-slide-container\"><img data-recalc-dims=\"1\" decoding=\"async\" src=\"https:\/\/i0.wp.com\/darcherazade.com\/wp-content\/uploads\/2021\/12\/DSC_2808.jpg?w=860&#038;ssl=1\" alt=\"\"\/><\/figure><\/div><div><figure class=\"algori-image-video-slider-slide-container\"><img data-recalc-dims=\"1\" decoding=\"async\" src=\"https:\/\/i0.wp.com\/darcherazade.com\/wp-content\/uploads\/2021\/12\/DSC_2803.jpg?w=860&#038;ssl=1\" alt=\"\"\/><\/figure><\/div><div><figure class=\"algori-image-video-slider-slide-container\"><img data-recalc-dims=\"1\" decoding=\"async\" src=\"https:\/\/i0.wp.com\/darcherazade.com\/wp-content\/uploads\/2021\/12\/DSC_2840.jpg?w=860&#038;ssl=1\" alt=\"\"\/><\/figure><\/div><\/div>\n<\/div>\n\n\n\n<div class=\"wp-block-column is-layout-flow wp-block-column-is-layout-flow\">\n<h4 class=\"has-black-color has-text-color wp-block-heading\">Chambre rouge<\/h4>\n\n\n\n<p class=\"has-black-color has-text-color\">Chambre double confort de couleur rouge est \u00e9quip\u00e9e d\u2019un lit double, fauteuil moresque, porte bagage, coffre, salle d\u2019eau avec douche , vasque carrel\u00e9e , toilettes, chauffage pour l\u2019hiver cette chambre est situ\u00e9e au premier \u00e9tage du DAR avec un acc\u00e8s direct sur le patio.<\/p>\n<\/div>\n<\/div>\n\n\n\n<div class=\"wp-block-columns is-layout-flex wp-container-core-columns-is-layout-5 wp-block-columns-is-layout-flex\">\n<div class=\"wp-block-column is-layout-flow wp-block-column-is-layout-flow\">\n<div class=\"wp-block-algori-image-video-slider-block-algori-image-video-slider dots-style-1-off-slide arrows-style-1-off-slide\" data-slick=\"{&quot;dots&quot;:true,&quot;arrows&quot;:true,&quot;autoplay&quot;:false,&quot;pauseOnFocus&quot;:false,&quot;rtl&quot;:false,&quot;vertical&quot;:false,&quot;fade&quot;:false,&quot;lazyLoad&quot;:false,&quot;centerMode&quot;:false,&quot;infinite&quot;:true,&quot;adaptiveHeight&quot;:true,&quot;speed&quot;:500,&quot;autoplaySpeed&quot;:3000,&quot;slidesToShow&quot;:1,&quot;slidesToScroll&quot;:1,&quot;rows&quot;:1,&quot;slidesPerRow&quot;:1}\"><div><figure class=\"algori-image-video-slider-slide-container\"><img data-recalc-dims=\"1\" decoding=\"async\" src=\"https:\/\/i0.wp.com\/darcherazade.com\/wp-content\/uploads\/2021\/12\/DSC_3733-2.jpg?w=860&#038;ssl=1\" alt=\"\"\/><\/figure><\/div><div><figure class=\"algori-image-video-slider-slide-container\"><img data-recalc-dims=\"1\" decoding=\"async\" src=\"https:\/\/i0.wp.com\/darcherazade.com\/wp-content\/uploads\/2021\/12\/DSC_3744.jpg?w=860&#038;ssl=1\" alt=\"\"\/><\/figure><\/div><div><figure class=\"algori-image-video-slider-slide-container\"><img data-recalc-dims=\"1\" decoding=\"async\" src=\"https:\/\/i0.wp.com\/darcherazade.com\/wp-content\/uploads\/2021\/01\/IMG20180428150320.jpg?w=860&#038;ssl=1\" alt=\"\"\/><\/figure><\/div><div><figure class=\"algori-image-video-slider-slide-container\"><img data-recalc-dims=\"1\" decoding=\"async\" src=\"https:\/\/i0.wp.com\/darcherazade.com\/wp-content\/uploads\/2021\/12\/DSC_3733.jpg?w=860&#038;ssl=1\" alt=\"\"\/><\/figure><\/div><\/div>\n<\/div>\n\n\n\n<div class=\"wp-block-column is-layout-flow wp-block-column-is-layout-flow\">\n<h4 class=\"has-black-color has-text-color wp-block-heading\">Chambre Rose<\/h4>\n\n\n\n<p class=\"has-black-color has-text-color\">Chambre Twin confort de couleur rose est \u00e9quip\u00e9e de deux lits simples en 90 cm, fauteuil moresque, porte bagage, coffre, armoire, salle d\u2019eau avec douche , vasque carrel\u00e9e , toilettes, chauffage pour l\u2019hiver, cette chambre est situ\u00e9e au premier \u00e9tage du DAR avec un acc\u00e8s direct sur le patio.<\/p>\n<\/div>\n<\/div>\n\n\n\n<div class=\"wp-block-columns is-layout-flex wp-container-core-columns-is-layout-6 wp-block-columns-is-layout-flex\">\n<div class=\"wp-block-column is-layout-flow wp-block-column-is-layout-flow\">\n<div class=\"wp-block-algori-image-video-slider-block-algori-image-video-slider dots-style-1-off-slide arrows-style-1-off-slide\" data-slick=\"{&quot;dots&quot;:true,&quot;arrows&quot;:true,&quot;autoplay&quot;:false,&quot;pauseOnFocus&quot;:false,&quot;rtl&quot;:false,&quot;vertical&quot;:false,&quot;fade&quot;:false,&quot;lazyLoad&quot;:false,&quot;centerMode&quot;:false,&quot;infinite&quot;:true,&quot;adaptiveHeight&quot;:true,&quot;speed&quot;:500,&quot;autoplaySpeed&quot;:3000,&quot;slidesToShow&quot;:1,&quot;slidesToScroll&quot;:1,&quot;rows&quot;:1,&quot;slidesPerRow&quot;:1}\"><div><figure class=\"algori-image-video-slider-slide-container\"><img data-recalc-dims=\"1\" decoding=\"async\" src=\"https:\/\/i0.wp.com\/darcherazade.com\/wp-content\/uploads\/2021\/12\/DSC_3034.jpg?w=860&#038;ssl=1\" alt=\"\"\/><\/figure><\/div><div><figure class=\"algori-image-video-slider-slide-container\"><img data-recalc-dims=\"1\" decoding=\"async\" src=\"https:\/\/i0.wp.com\/darcherazade.com\/wp-content\/uploads\/2021\/12\/DSC_3055.jpg?w=860&#038;ssl=1\" alt=\"\"\/><\/figure><\/div><div><figure class=\"algori-image-video-slider-slide-container\"><img data-recalc-dims=\"1\" decoding=\"async\" src=\"https:\/\/i0.wp.com\/darcherazade.com\/wp-content\/uploads\/2021\/01\/IMG20200810134806.jpg?w=860&#038;ssl=1\" alt=\"\"\/><\/figure><\/div><div><figure class=\"algori-image-video-slider-slide-container\"><img data-recalc-dims=\"1\" decoding=\"async\" src=\"https:\/\/i0.wp.com\/darcherazade.com\/wp-content\/uploads\/2021\/12\/DSC_3047.jpg?w=860&#038;ssl=1\" alt=\"\"\/><\/figure><\/div><\/div>\n<\/div>\n\n\n\n<div class=\"wp-block-column is-layout-flow wp-block-column-is-layout-flow\">\n<p class=\"has-black-color has-text-color has-large-font-size\">Chambre Oc\u00e9ane<\/p>\n\n\n\n<p class=\"has-black-color has-text-color\">Chambre double confort \u00e9quip\u00e9e d\u2019un lit double 1,5 m, porte bagage, placards en Tadlakt, une douche , vasque carrel\u00e9e , toilettes, chemin\u00e9e pour l\u2019hiver, cette chambre est situ\u00e9e au deuxi\u00e8me \u00e9tage du RIAD avec un acc\u00e8s direct sur un salon et balcon vue mer.<\/p>\n<\/div>\n<\/div>\n\n\n\n<div class=\"wp-block-columns is-layout-flex wp-container-core-columns-is-layout-7 wp-block-columns-is-layout-flex\">\n<div class=\"wp-block-column is-layout-flow wp-block-column-is-layout-flow\">\n<div class=\"wp-block-algori-image-video-slider-block-algori-image-video-slider dots-style-1-off-slide arrows-style-1-off-slide\" data-slick=\"{&quot;dots&quot;:true,&quot;arrows&quot;:true,&quot;autoplay&quot;:false,&quot;pauseOnFocus&quot;:false,&quot;rtl&quot;:false,&quot;vertical&quot;:false,&quot;fade&quot;:false,&quot;lazyLoad&quot;:false,&quot;centerMode&quot;:false,&quot;infinite&quot;:true,&quot;adaptiveHeight&quot;:true,&quot;speed&quot;:500,&quot;autoplaySpeed&quot;:3000,&quot;slidesToShow&quot;:1,&quot;slidesToScroll&quot;:1,&quot;rows&quot;:1,&quot;slidesPerRow&quot;:1}\"><div><figure class=\"algori-image-video-slider-slide-container\"><img data-recalc-dims=\"1\" decoding=\"async\" src=\"https:\/\/i0.wp.com\/darcherazade.com\/wp-content\/uploads\/2021\/12\/DSC_3333.jpg?w=860&#038;ssl=1\" alt=\"\"\/><\/figure><\/div><div><figure class=\"algori-image-video-slider-slide-container\"><img data-recalc-dims=\"1\" decoding=\"async\" src=\"https:\/\/i0.wp.com\/darcherazade.com\/wp-content\/uploads\/2021\/12\/DSC_3361.jpg?w=860&#038;ssl=1\" alt=\"\"\/><\/figure><\/div><div><figure class=\"algori-image-video-slider-slide-container\"><img data-recalc-dims=\"1\" decoding=\"async\" src=\"https:\/\/i0.wp.com\/darcherazade.com\/wp-content\/uploads\/2021\/12\/DSC_3340.jpg?w=860&#038;ssl=1\" alt=\"\"\/><\/figure><\/div><div><figure class=\"algori-image-video-slider-slide-container\"><img data-recalc-dims=\"1\" decoding=\"async\" src=\"https:\/\/i0.wp.com\/darcherazade.com\/wp-content\/uploads\/2021\/12\/DSC_3336.jpg?w=860&#038;ssl=1\" alt=\"\"\/><\/figure><\/div><div><figure class=\"algori-image-video-slider-slide-container\"><img data-recalc-dims=\"1\" decoding=\"async\" src=\"https:\/\/i0.wp.com\/darcherazade.com\/wp-content\/uploads\/2021\/12\/DSC_3327.jpg?w=860&#038;ssl=1\" alt=\"\"\/><\/figure><\/div><div><figure class=\"algori-image-video-slider-slide-container\"><img data-recalc-dims=\"1\" decoding=\"async\" src=\"https:\/\/i0.wp.com\/darcherazade.com\/wp-content\/uploads\/2021\/12\/DSC_3318.jpg?w=860&#038;ssl=1\" alt=\"\"\/><\/figure><\/div><\/div>\n<\/div>\n\n\n\n<div class=\"wp-block-column is-layout-flow wp-block-column-is-layout-flow\">\n<p class=\"has-black-color has-text-color has-large-font-size\">Chambre triple<\/p>\n\n\n\n<p class=\"has-black-color has-text-color\">Chambre triple confort avec deux chambres communicantes \u00e9quip\u00e9e d\u2019un lit double et un lit simple, porte bagage, placards en Tadlakt, une douche , vasque carrel\u00e9e , toilettes, cette chambre est situ\u00e9e au premi\u00e8re \u00e9tage du RIAD avec un acc\u00e8s \u00e0 plusieurs salon et une terrasse vue mer.<\/p>\n<\/div>\n<\/div>\n\n\n\n<div class=\"wp-block-columns is-layout-flex wp-container-core-columns-is-layout-9 wp-block-columns-is-layout-flex\">\n<div class=\"wp-block-column is-layout-flow wp-block-column-is-layout-flow\">\n<div class=\"wp-block-columns is-layout-flex wp-container-core-columns-is-layout-8 wp-block-columns-is-layout-flex\"><\/div>\n<\/div>\n<\/div>\n","protected":false},"excerpt":{"rendered":"<p>Tout est pr\u00e9vu pour recevoir id\u00e9alement une famille en qu\u00eate de confort, calme et d\u00e9coration raffin\u00e9e. Dans le DAR : une suite familiale avec terrasse priv\u00e9e vue sur mer, trois chambres confort, une chambre standard. Dans le RIAD : une <a class=\"more-link\" href=\"http:\/\/darcherazade.com\/fr_fr\/chambres-essaye\/\">Lire plus\u00a0\u2026<\/a><\/p>\n","protected":false},"author":1,"featured_media":0,"parent":0,"menu_order":0,"comment_status":"closed","ping_status":"closed","template":"","meta":{"jetpack_post_was_ever_published":false,"footnotes":""},"class_list":["post-933","page","type-page","status-publish","hentry"],"aioseo_notices":[],"jetpack_sharing_enabled":true,"jetpack-related-posts":[],"_links":{"self":[{"href":"http:\/\/darcherazade.com\/fr_fr\/wp-json\/wp\/v2\/pages\/933"}],"collection":[{"href":"http:\/\/darcherazade.com\/fr_fr\/wp-json\/wp\/v2\/pages"}],"about":[{"href":"http:\/\/darcherazade.com\/fr_fr\/wp-json\/wp\/v2\/types\/page"}],"author":[{"embeddable":true,"href":"http:\/\/darcherazade.com\/fr_fr\/wp-json\/wp\/v2\/users\/1"}],"replies":[{"embeddable":true,"href":"http:\/\/darcherazade.com\/fr_fr\/wp-json\/wp\/v2\/comments?post=933"}],"version-history":[{"count":27,"href":"http:\/\/darcherazade.com\/fr_fr\/wp-json\/wp\/v2\/pages\/933\/revisions"}],"predecessor-version":[{"id":1439,"href":"http:\/\/darcherazade.com\/fr_fr\/wp-json\/wp\/v2\/pages\/933\/revisions\/1439"}],"wp:attachment":[{"href":"http:\/\/darcherazade.com\/fr_fr\/wp-json\/wp\/v2\/media?parent=933"}],"curies":[{"name":"wp","href":"https:\/\/api.w.org\/{rel}","templated":true}]}}