{"id":63,"date":"2015-11-14T11:05:57","date_gmt":"2015-11-14T10:05:57","guid":{"rendered":"http:\/\/www.darcherazade.com\/?page_id=63"},"modified":"2021-01-25T10:21:57","modified_gmt":"2021-01-25T09:21:57","slug":"chambre-bleu","status":"publish","type":"page","link":"http:\/\/darcherazade.com\/fr_fr\/chambre-bleu\/","title":{"rendered":"CHAMBRE BLEU"},"content":{"rendered":"<style type=\"text\/css\">.easingslider-680 { max-width: 640px; }.easingslider-680 .easingslider-image { max-height: 400px; max-width: 640px; }.easingslider-680 .easingslider-fade-in, .easingslider-fade-out { -webkit-animation-duration: 400ms; -moz-animation-duration: 400ms; animation-duration: 400ms; }<\/style><script type=\"text\/javascript\">window.EasingSlider680 = {\"width\":640,\"height\":400,\"singleItem\":true,\"items\":1,\"itemsDesktop\":false,\"itemsDesktopSmall\":false,\"itemsTablet\":false,\"itemsTabletSmall\":false,\"itemsMobile\":false,\"responsive\":true,\"lazyLoad\":true,\"autoPlay\":4000,\"slideSpeed\":400,\"navigation\":true,\"navigationText\":[\"\",\"\"],\"pagination\":true,\"autoHeight\":false,\"mouseDrag\":false,\"touchDrag\":false,\"addClassActive\":true,\"transitionStyle\":\"fade\"};<\/script><div data-id=\"680\" class=\"easingslider easingslider-680 easingslider-container easingslider-resizing-enabled easingslider-aspect-ratio easingslider-arrows-inside easingslider-pagination-inside easingslider-pagination-bottom-center\"><div class=\"easingslider-slide\"><a href=\"none\" target=\"\"><img data-recalc-dims=\"1\" decoding=\"async\" src=\"https:\/\/i0.wp.com\/darcherazade.com\/wp-content\/plugins\/easing-slider\/assets\/images\/placeholder-pixel.png?w=860\" data-src=\"https:\/\/darcherazade.com\/wp-content\/uploads\/2016\/02\/PIXLER31-640x400.jpg\" alt=\"\" title=\"\" class=\"easingslider-image easingslider-lazy\" \/><\/a><\/div><div class=\"easingslider-slide\"><a href=\"none\" target=\"\"><img data-recalc-dims=\"1\" decoding=\"async\" src=\"https:\/\/i0.wp.com\/darcherazade.com\/wp-content\/plugins\/easing-slider\/assets\/images\/placeholder-pixel.png?w=860\" data-src=\"https:\/\/darcherazade.com\/wp-content\/uploads\/2016\/02\/PICT0148-640x400.jpg\" alt=\"\" title=\"\" class=\"easingslider-image easingslider-lazy\" \/><\/a><\/div><div class=\"easingslider-slide\"><a href=\"none\" target=\"\"><img data-recalc-dims=\"1\" decoding=\"async\" src=\"https:\/\/i0.wp.com\/darcherazade.com\/wp-content\/plugins\/easing-slider\/assets\/images\/placeholder-pixel.png?w=860\" data-src=\"https:\/\/darcherazade.com\/wp-content\/uploads\/2021\/01\/IMG20180322102354-640x400.jpg\" alt=\"\" title=\"\" class=\"easingslider-image easingslider-lazy\" \/><\/a><\/div><div class=\"easingslider-slide\"><a href=\"none\" target=\"\"><img data-recalc-dims=\"1\" decoding=\"async\" src=\"https:\/\/i0.wp.com\/darcherazade.com\/wp-content\/plugins\/easing-slider\/assets\/images\/placeholder-pixel.png?w=860\" data-src=\"https:\/\/darcherazade.com\/wp-content\/uploads\/2021\/01\/IMG20180322102501-640x400.jpg\" alt=\"\" title=\"\" class=\"easingslider-image easingslider-lazy\" \/><\/a><\/div><\/div>\n\n\n<h3>\u00a0<\/h3>\n<h3>CHAMBRE BLEU<\/h3>\n<p>Cette chambre double confort de couleur bleue est \u00e9quip\u00e9e d'un lit double, fauteuil moresque, armoire double, porte bagage, coffre, salle d'eau avec baignoire , vasque cal\u00e9e , toilettes, chauffage pour l'hiver cette chambre est situ\u00e9e au premier \u00e9tage avec un acc\u00e8s direct sur le patio<\/p>\n<h5>\u00c9quipements de la chambre :<\/h5>\n<pre><span style=\"color: #333333;\">Une connexion Wi-Fi gratuite. <\/span>\n<span style=\"color: #333333;\">Superficie : 18 m\u00b2. <br \/>Non fumeur.<br \/><\/span>\n<\/pre>","protected":false},"excerpt":{"rendered":"<p>\u00a0 CHAMBRE BLEU Cette chambre double confort de couleur bleue est \u00e9quip\u00e9e d'un lit double, fauteuil moresque, armoire double, porte bagage, coffre, salle d'eau avec baignoire , vasque cal\u00e9e , toilettes, chauffage pour l'hiver cette chambre est situ\u00e9e au premier <a class=\"more-link\" href=\"http:\/\/darcherazade.com\/fr_fr\/chambre-bleu\/\">Lire plus\u00a0\u2026<\/a><\/p>\n","protected":false},"author":1,"featured_media":0,"parent":0,"menu_order":0,"comment_status":"closed","ping_status":"closed","template":"","meta":{"jetpack_post_was_ever_published":false,"footnotes":""},"class_list":["post-63","page","type-page","status-publish","hentry"],"aioseo_notices":[],"jetpack_sharing_enabled":true,"jetpack-related-posts":[],"_links":{"self":[{"href":"http:\/\/darcherazade.com\/fr_fr\/wp-json\/wp\/v2\/pages\/63"}],"collection":[{"href":"http:\/\/darcherazade.com\/fr_fr\/wp-json\/wp\/v2\/pages"}],"about":[{"href":"http:\/\/darcherazade.com\/fr_fr\/wp-json\/wp\/v2\/types\/page"}],"author":[{"embeddable":true,"href":"http:\/\/darcherazade.com\/fr_fr\/wp-json\/wp\/v2\/users\/1"}],"replies":[{"embeddable":true,"href":"http:\/\/darcherazade.com\/fr_fr\/wp-json\/wp\/v2\/comments?post=63"}],"version-history":[{"count":10,"href":"http:\/\/darcherazade.com\/fr_fr\/wp-json\/wp\/v2\/pages\/63\/revisions"}],"predecessor-version":[{"id":942,"href":"http:\/\/darcherazade.com\/fr_fr\/wp-json\/wp\/v2\/pages\/63\/revisions\/942"}],"wp:attachment":[{"href":"http:\/\/darcherazade.com\/fr_fr\/wp-json\/wp\/v2\/media?parent=63"}],"curies":[{"name":"wp","href":"https:\/\/api.w.org\/{rel}","templated":true}]}}