{"id":289,"date":"2016-01-12T10:36:36","date_gmt":"2016-01-12T09:36:36","guid":{"rendered":"http:\/\/www.darcherazade.com\/?page_id=289"},"modified":"2016-03-03T12:50:43","modified_gmt":"2016-03-03T11:50:43","slug":"services","status":"publish","type":"page","link":"http:\/\/darcherazade.com\/fr_fr\/services\/","title":{"rendered":"SERVICES"},"content":{"rendered":"<div class=\"news\">\u00a0 \u00a0 \u00a0 \u00a0 \u00a0 \u00a0 \u00a0 \u00a0 \u00a0 \u00a0 \u00a0 \u00a0 \u00a0 \u00a0 \u00a0 \u00a0\u00a0<a href=\"https:\/\/i0.wp.com\/www.darcherazade.com\/wp-content\/uploads\/2015\/12\/20151219_1838231.jpg\"><img data-recalc-dims=\"1\" loading=\"lazy\" decoding=\"async\" data-attachment-id=\"161\" data-permalink=\"http:\/\/darcherazade.com\/fr_fr\/service\/20151219_1838231\/#main\" data-orig-file=\"https:\/\/i0.wp.com\/darcherazade.com\/wp-content\/uploads\/2015\/12\/20151219_1838231.jpg?fit=2560%2C1440&amp;ssl=1\" data-orig-size=\"2560,1440\" data-comments-opened=\"1\" data-image-meta=\"{&quot;aperture&quot;:&quot;2.2&quot;,&quot;credit&quot;:&quot;&quot;,&quot;camera&quot;:&quot;SM-J200F&quot;,&quot;caption&quot;:&quot;&quot;,&quot;created_timestamp&quot;:&quot;1450550303&quot;,&quot;copyright&quot;:&quot;&quot;,&quot;focal_length&quot;:&quot;3.3&quot;,&quot;iso&quot;:&quot;100&quot;,&quot;shutter_speed&quot;:&quot;0.0625&quot;,&quot;title&quot;:&quot;&quot;,&quot;orientation&quot;:&quot;1&quot;}\" data-image-title=\"20151219_183823[1]\" data-image-description=\"\" data-image-caption=\"\" data-medium-file=\"https:\/\/i0.wp.com\/darcherazade.com\/wp-content\/uploads\/2015\/12\/20151219_1838231.jpg?fit=300%2C169&amp;ssl=1\" data-large-file=\"https:\/\/i0.wp.com\/darcherazade.com\/wp-content\/uploads\/2015\/12\/20151219_1838231.jpg?fit=860%2C484&amp;ssl=1\" class=\"alignnone wp-image-161 size-thumbnail\" src=\"https:\/\/i0.wp.com\/www.darcherazade.com\/wp-content\/uploads\/2015\/12\/20151219_1838231-150x150.jpg?resize=150%2C150\" alt=\"20151219_183823[1]\" width=\"150\" height=\"150\" srcset=\"https:\/\/i0.wp.com\/darcherazade.com\/wp-content\/uploads\/2015\/12\/20151219_1838231.jpg?resize=150%2C150&amp;ssl=1 150w, https:\/\/i0.wp.com\/darcherazade.com\/wp-content\/uploads\/2015\/12\/20151219_1838231.jpg?zoom=2&amp;resize=150%2C150&amp;ssl=1 300w, https:\/\/i0.wp.com\/darcherazade.com\/wp-content\/uploads\/2015\/12\/20151219_1838231.jpg?zoom=3&amp;resize=150%2C150&amp;ssl=1 450w\" sizes=\"(max-width: 150px) 100vw, 150px\" \/><\/a>\u00a0 \u00a0 \u00a0 \u00a0 \u00a0 \u00a0 \u00a0 \u00a0 \u00a0 \u00a0 \u00a0 \u00a0 \u00a0 \u00a0 \u00a0 \u00a0 \u00a0 \u00a0 \u00a0 \u00a0 \u00a0 \u00a0 \u00a0 \u00a0 \u00a0 \u00a0 \u00a0 \u00a0 \u00a0 \u00a0 \u00a0 \u00a0 \u00a0\u00a0<a href=\"https:\/\/i0.wp.com\/www.darcherazade.com\/wp-content\/uploads\/2015\/12\/images.jpg\"><img data-recalc-dims=\"1\" loading=\"lazy\" decoding=\"async\" class=\"alignnone wp-image-148 size-thumbnail\" src=\"https:\/\/i0.wp.com\/www.darcherazade.com\/wp-content\/uploads\/2015\/12\/images-150x150.jpg?resize=150%2C150\" alt=\"images\" width=\"150\" height=\"150\" \/><\/a><\/div>\n<div class=\"news\">\u00a0 \u00a0 \u00a0 \u00a0 \u00a0 \u00a0 \u00a0 \u00a0 \u00a0 \u00a0 \u00a0 \u00a0 \u00a0 Table d'h\u00f4te: \"CHERAZADE\" \u00a0 \u00a0 \u00a0 \u00a0 \u00a0 \u00a0 \u00a0 \u00a0 \u00a0 \u00a0 \u00a0 \u00a0 \u00a0 \u00a0 \u00a0 \u00a0 \u00a0 \u00a0 \u00a0 \u00a0 \u00a0 \u00a0 \u00a0 \u00a0 \u00a0 \u00a0 \u00a0 \u00a0 \u00a0 \u00a0 \u00a0Hammam and Beauty<\/div>\n<div class=\"news\"><\/div>\n<div class=\"news\"><span style=\"color: #ffffff;\">\u00a0kjzregq\"'tyo_\u00e9\"ty\u00e0\u00e9&amp;ty&amp;\u00e8'thperziubagh\"(\u00e8t(t<\/span><\/div>\n<div class=\"news\"><span style=\"color: #ffffff;\">\u00a0<\/span><\/div>\n<div class=\"news\"><\/div>\n<div class=\"news\"><\/div>\n<div class=\"news\">\u00a0 \u00a0 \u00a0 \u00a0 \u00a0 \u00a0 \u00a0 \u00a0 \u00a0 \u00a0 \u00a0 \u00a0 \u00a0 \u00a0 \u00a0 \u00a0<a href=\"https:\/\/i0.wp.com\/www.darcherazade.com\/wp-content\/uploads\/2015\/12\/20151220_1922152.jpg\"><img data-recalc-dims=\"1\" loading=\"lazy\" decoding=\"async\" data-attachment-id=\"160\" data-permalink=\"http:\/\/darcherazade.com\/fr_fr\/service\/20151220_1922152\/#main\" data-orig-file=\"https:\/\/i0.wp.com\/darcherazade.com\/wp-content\/uploads\/2015\/12\/20151220_1922152.jpg?fit=2560%2C1440&amp;ssl=1\" data-orig-size=\"2560,1440\" data-comments-opened=\"1\" data-image-meta=\"{&quot;aperture&quot;:&quot;2.2&quot;,&quot;credit&quot;:&quot;&quot;,&quot;camera&quot;:&quot;SM-J200F&quot;,&quot;caption&quot;:&quot;&quot;,&quot;created_timestamp&quot;:&quot;1450639335&quot;,&quot;copyright&quot;:&quot;&quot;,&quot;focal_length&quot;:&quot;3.3&quot;,&quot;iso&quot;:&quot;200&quot;,&quot;shutter_speed&quot;:&quot;0.125&quot;,&quot;title&quot;:&quot;&quot;,&quot;orientation&quot;:&quot;1&quot;}\" data-image-title=\"20151220_192215[2]\" data-image-description=\"\" data-image-caption=\"\" data-medium-file=\"https:\/\/i0.wp.com\/darcherazade.com\/wp-content\/uploads\/2015\/12\/20151220_1922152.jpg?fit=300%2C169&amp;ssl=1\" data-large-file=\"https:\/\/i0.wp.com\/darcherazade.com\/wp-content\/uploads\/2015\/12\/20151220_1922152.jpg?fit=860%2C484&amp;ssl=1\" class=\"alignnone wp-image-160 size-thumbnail\" src=\"https:\/\/i0.wp.com\/www.darcherazade.com\/wp-content\/uploads\/2015\/12\/20151220_1922152-150x150.jpg?resize=150%2C150\" alt=\"20151220_192215[2]\" width=\"150\" height=\"150\" srcset=\"https:\/\/i0.wp.com\/darcherazade.com\/wp-content\/uploads\/2015\/12\/20151220_1922152.jpg?resize=150%2C150&amp;ssl=1 150w, https:\/\/i0.wp.com\/darcherazade.com\/wp-content\/uploads\/2015\/12\/20151220_1922152.jpg?zoom=2&amp;resize=150%2C150&amp;ssl=1 300w, https:\/\/i0.wp.com\/darcherazade.com\/wp-content\/uploads\/2015\/12\/20151220_1922152.jpg?zoom=3&amp;resize=150%2C150&amp;ssl=1 450w\" sizes=\"(max-width: 150px) 100vw, 150px\" \/><\/a>\u00a0 \u00a0 \u00a0 \u00a0 \u00a0 \u00a0 \u00a0 \u00a0 \u00a0 \u00a0 \u00a0 \u00a0 \u00a0 \u00a0 \u00a0 \u00a0 \u00a0 \u00a0 \u00a0 \u00a0 \u00a0 \u00a0 \u00a0 \u00a0 \u00a0 \u00a0 \u00a0 \u00a0 \u00a0 \u00a0 \u00a0 \u00a0\u00a0<a href=\"https:\/\/i0.wp.com\/www.darcherazade.com\/wp-content\/uploads\/2015\/12\/images-5.jpg\"><img data-recalc-dims=\"1\" loading=\"lazy\" decoding=\"async\" class=\"alignnone wp-image-164 size-thumbnail\" src=\"https:\/\/i0.wp.com\/www.darcherazade.com\/wp-content\/uploads\/2015\/12\/images-5-150x150.jpg?resize=150%2C150\" alt=\"images (5)\" width=\"150\" height=\"150\" \/><\/a><\/div>\n<div class=\"news\">\u00a0 \u00a0 \u00a0 \u00a0 \u00a0 \u00a0 \u00a0 \u00a0 \u00a0 \u00a0 \u00a0 \u00a0 Moroccan Cuisine Workshop \u00a0 \u00a0 \u00a0 \u00a0 \u00a0 \u00a0 \u00a0 \u00a0 \u00a0 \u00a0 \u00a0 \u00a0 \u00a0 \u00a0 \u00a0 \u00a0 \u00a0 \u00a0 \u00a0 \u00a0 \u00a0 \u00a0 \u00a0 \u00a0 \u00a0 \u00a0 \u00a0 Transports et excursions<\/div>\n<div class=\"news\"><span style=\"color: #ffffff;\">dsjfvbhzegfyaoz_gtfraa\"o<\/span><\/div>\n<div class=\"news\"><span style=\"color: #ffffff;\">\u00a0ghvkgyv<\/span><\/div>\n<div class=\"news\"><\/div>\n<div class=\"news\"><\/div>\n<div class=\"news\"><\/div>\n<div class=\"news\"><\/div>\n<div class=\"news\"><\/div>\n<div class=\"news\"><\/div>\n<div class=\"news\">\u00a0 \u00a0 \u00a0 \u00a0 \u00a0 \u00a0 \u00a0 \u00a0 \u00a0 \u00a0 \u00a0 \u00a0 \u00a0\u00a0<a href=\"https:\/\/i0.wp.com\/www.darcherazade.com\/wp-content\/uploads\/2015\/12\/images-7.jpg\">\u00a0 \u00a0<img data-recalc-dims=\"1\" loading=\"lazy\" decoding=\"async\" class=\"alignnone wp-image-168 size-thumbnail\" src=\"https:\/\/i0.wp.com\/www.darcherazade.com\/wp-content\/uploads\/2015\/12\/images-6-150x150.jpg?resize=150%2C150\" alt=\"images (6)\" width=\"150\" height=\"150\" \/>\u00a0 \u00a0 \u00a0 \u00a0 \u00a0 \u00a0 \u00a0 \u00a0 \u00a0 \u00a0 \u00a0 \u00a0 \u00a0 \u00a0 \u00a0 \u00a0 \u00a0 \u00a0 \u00a0 \u00a0 \u00a0 \u00a0 \u00a0 \u00a0 \u00a0 \u00a0 \u00a0 \u00a0 \u00a0 \u00a0 \u00a0 \u00a0 \u00a0<\/a><a href=\"https:\/\/i0.wp.com\/www.darcherazade.com\/wp-content\/uploads\/2015\/12\/images-7.jpg\"><img data-recalc-dims=\"1\" loading=\"lazy\" decoding=\"async\" class=\"alignnone wp-image-173 size-thumbnail\" src=\"https:\/\/i0.wp.com\/www.darcherazade.com\/wp-content\/uploads\/2015\/12\/images-7-150x150.jpg?resize=150%2C150\" alt=\"images (7)\" width=\"150\" height=\"150\" \/><\/a><\/div>\n<div class=\"news\">\u00a0 \u00a0 \u00a0 \u00a0 \u00a0 \u00a0 \u00a0 \u00a0 \u00a0 \u00a0 \u00a0 \u00a0 \u00a0 \u00a0 \u00a0 \u00a0 \u00a0Internet &amp;WiFi \u00a0 \u00a0 \u00a0 \u00a0 \u00a0 \u00a0 \u00a0 \u00a0 \u00a0 \u00a0 \u00a0 \u00a0 \u00a0 \u00a0 \u00a0 \u00a0 \u00a0 \u00a0 \u00a0 \u00a0 \u00a0 \u00a0 \u00a0 \u00a0 \u00a0 \u00a0 \u00a0 \u00a0 \u00a0 \u00a0 \u00a0 \u00a0 \u00a0 \u00a0 \u00a0 \u00a0\u00a0 \u00a0 Nautical sports<\/div>\n","protected":false},"excerpt":{"rendered":"<p>\u00a0 \u00a0 \u00a0 \u00a0 \u00a0 \u00a0 \u00a0 \u00a0 \u00a0 \u00a0 \u00a0 \u00a0 \u00a0 \u00a0 \u00a0 \u00a0\u00a0\u00a0 \u00a0 \u00a0 \u00a0 \u00a0 \u00a0 \u00a0 \u00a0 \u00a0 \u00a0 \u00a0 \u00a0 \u00a0 \u00a0 \u00a0 \u00a0 \u00a0 \u00a0 \u00a0 \u00a0 \u00a0 \u00a0 \u00a0 \u00a0 \u00a0 <a class=\"more-link\" href=\"http:\/\/darcherazade.com\/fr_fr\/services\/\">Lire plus\u00a0\u2026<\/a><\/p>\n","protected":false},"author":1,"featured_media":0,"parent":0,"menu_order":0,"comment_status":"closed","ping_status":"closed","template":"","meta":{"jetpack_post_was_ever_published":false,"footnotes":""},"class_list":["post-289","page","type-page","status-publish","hentry"],"aioseo_notices":[],"jetpack_sharing_enabled":true,"jetpack-related-posts":[],"_links":{"self":[{"href":"http:\/\/darcherazade.com\/fr_fr\/wp-json\/wp\/v2\/pages\/289"}],"collection":[{"href":"http:\/\/darcherazade.com\/fr_fr\/wp-json\/wp\/v2\/pages"}],"about":[{"href":"http:\/\/darcherazade.com\/fr_fr\/wp-json\/wp\/v2\/types\/page"}],"author":[{"embeddable":true,"href":"http:\/\/darcherazade.com\/fr_fr\/wp-json\/wp\/v2\/users\/1"}],"replies":[{"embeddable":true,"href":"http:\/\/darcherazade.com\/fr_fr\/wp-json\/wp\/v2\/comments?post=289"}],"version-history":[{"count":1,"href":"http:\/\/darcherazade.com\/fr_fr\/wp-json\/wp\/v2\/pages\/289\/revisions"}],"predecessor-version":[{"id":291,"href":"http:\/\/darcherazade.com\/fr_fr\/wp-json\/wp\/v2\/pages\/289\/revisions\/291"}],"wp:attachment":[{"href":"http:\/\/darcherazade.com\/fr_fr\/wp-json\/wp\/v2\/media?parent=289"}],"curies":[{"name":"wp","href":"https:\/\/api.w.org\/{rel}","templated":true}]}}