{"id":156,"date":"2015-12-22T12:27:32","date_gmt":"2015-12-22T11:27:32","guid":{"rendered":"http:\/\/www.darcherazade.com\/?page_id=156"},"modified":"2022-03-03T10:20:32","modified_gmt":"2022-03-03T09:20:32","slug":"service","status":"publish","type":"page","link":"http:\/\/darcherazade.com\/fr_fr\/service\/","title":{"rendered":"SERVICES"},"content":{"rendered":"<div class=\"news\">\n<p><a href=\"https:\/\/i0.wp.com\/darcherazade.com\/wp-content\/uploads\/2021\/12\/DSC_3474-3.jpg?ssl=1\"><img data-recalc-dims=\"1\" loading=\"lazy\" decoding=\"async\" data-attachment-id=\"1218\" data-permalink=\"http:\/\/darcherazade.com\/fr_fr\/dsc_3474-3\/\" data-orig-file=\"https:\/\/i0.wp.com\/darcherazade.com\/wp-content\/uploads\/2021\/12\/DSC_3474-3.jpg?fit=660%2C1080&amp;ssl=1\" data-orig-size=\"660,1080\" data-comments-opened=\"1\" data-image-meta=\"{&quot;aperture&quot;:&quot;4.5&quot;,&quot;credit&quot;:&quot;&quot;,&quot;camera&quot;:&quot;NIKON D4&quot;,&quot;caption&quot;:&quot;&quot;,&quot;created_timestamp&quot;:&quot;1637176683&quot;,&quot;copyright&quot;:&quot;&quot;,&quot;focal_length&quot;:&quot;24&quot;,&quot;iso&quot;:&quot;200&quot;,&quot;shutter_speed&quot;:&quot;0.004&quot;,&quot;title&quot;:&quot;&quot;,&quot;orientation&quot;:&quot;0&quot;}\" data-image-title=\"DSC_3474-3\" data-image-description=\"\" data-image-caption=\"\" data-medium-file=\"https:\/\/i0.wp.com\/darcherazade.com\/wp-content\/uploads\/2021\/12\/DSC_3474-3.jpg?fit=183%2C300&amp;ssl=1\" data-large-file=\"https:\/\/i0.wp.com\/darcherazade.com\/wp-content\/uploads\/2021\/12\/DSC_3474-3.jpg?fit=626%2C1024&amp;ssl=1\" class=\"wp-image-1218  aligncenter\" src=\"https:\/\/i0.wp.com\/darcherazade.com\/wp-content\/uploads\/2021\/12\/DSC_3474-3.jpg?resize=277%2C454&#038;ssl=1\" alt=\"\" width=\"277\" height=\"454\" srcset=\"https:\/\/i0.wp.com\/darcherazade.com\/wp-content\/uploads\/2021\/12\/DSC_3474-3.jpg?resize=183%2C300&amp;ssl=1 183w, https:\/\/i0.wp.com\/darcherazade.com\/wp-content\/uploads\/2021\/12\/DSC_3474-3.jpg?resize=626%2C1024&amp;ssl=1 626w, https:\/\/i0.wp.com\/darcherazade.com\/wp-content\/uploads\/2021\/12\/DSC_3474-3.jpg?w=660&amp;ssl=1 660w\" sizes=\"(max-width: 277px) 100vw, 277px\" \/><\/a><\/p>\n<\/div>\n\n\n<p><mark style=\"background-color:rgba(0, 0, 0, 0)\" class=\"has-inline-color has-black-color\">Durant votre s\u00e9jour, Youness, habitant Essaouira depuis toujours, organise une charmante \u00e9quipe sur place qui vous portera assistance que ce soit pour l'organisation d\u2019excursions ou autres id\u00e9es de visite, il parle anglais, arabe, fran\u00e7ais. Saadia, notre gouvernante, pr\u00e9pare vos petits d\u00e9jeuners et vous fera goutter sur demande ses fameux tajines d\u00e9licieux ou repas sp\u00e9ciaux. A confirmation de votre r\u00e9servation, Youness vous fournira gracieusement un petit guide personnel sur Essaouira, avec des recommandations et bonnes adresses, pour rendre votre s\u00e9jour aussi agr\u00e9able et personnalis\u00e9 que possible.<\/mark><\/p>\n","protected":false},"excerpt":{"rendered":"<p>Durant votre s\u00e9jour, Youness, habitant Essaouira depuis toujours, organise une charmante \u00e9quipe sur place qui vous portera assistance que ce soit pour l'organisation d\u2019excursions ou autres id\u00e9es de visite, il parle anglais, arabe, fran\u00e7ais. Saadia, notre gouvernante, pr\u00e9pare vos petits <a class=\"more-link\" href=\"http:\/\/darcherazade.com\/fr_fr\/service\/\">Lire plus\u00a0\u2026<\/a><\/p>\n","protected":false},"author":1,"featured_media":0,"parent":0,"menu_order":0,"comment_status":"closed","ping_status":"closed","template":"","meta":{"jetpack_post_was_ever_published":false,"footnotes":""},"class_list":["post-156","page","type-page","status-publish","hentry"],"aioseo_notices":[],"jetpack_sharing_enabled":true,"jetpack-related-posts":[],"_links":{"self":[{"href":"http:\/\/darcherazade.com\/fr_fr\/wp-json\/wp\/v2\/pages\/156"}],"collection":[{"href":"http:\/\/darcherazade.com\/fr_fr\/wp-json\/wp\/v2\/pages"}],"about":[{"href":"http:\/\/darcherazade.com\/fr_fr\/wp-json\/wp\/v2\/types\/page"}],"author":[{"embeddable":true,"href":"http:\/\/darcherazade.com\/fr_fr\/wp-json\/wp\/v2\/users\/1"}],"replies":[{"embeddable":true,"href":"http:\/\/darcherazade.com\/fr_fr\/wp-json\/wp\/v2\/comments?post=156"}],"version-history":[{"count":33,"href":"http:\/\/darcherazade.com\/fr_fr\/wp-json\/wp\/v2\/pages\/156\/revisions"}],"predecessor-version":[{"id":1410,"href":"http:\/\/darcherazade.com\/fr_fr\/wp-json\/wp\/v2\/pages\/156\/revisions\/1410"}],"wp:attachment":[{"href":"http:\/\/darcherazade.com\/fr_fr\/wp-json\/wp\/v2\/media?parent=156"}],"curies":[{"name":"wp","href":"https:\/\/api.w.org\/{rel}","templated":true}]}}